{"id":1809,"date":"2017-05-12T17:09:35","date_gmt":"2017-05-12T22:09:35","guid":{"rendered":"https:\/\/puravidadivingplayadelcarmen.com\/?page_id=1809"},"modified":"2026-02-01T07:06:27","modified_gmt":"2026-02-01T12:06:27","slug":"about-us","status":"publish","type":"page","link":"https:\/\/puravidadivingplayadelcarmen.com\/en\/about-us\/","title":{"rendered":"About Us"},"content":{"rendered":"<p>[et_pb_section fb_built=&#8221;1&#8243; background_image=&#8221;https:\/\/puravidadivingplayadelcarmen.com\/wp-content\/uploads\/2017\/04\/header-nosotros.jpg&#8221; background_color=&#8221;rgba(12,113,195,0.5)&#8221; custom_padding=&#8221;100px||100px|&#8221; admin_label=&#8221;Section&#8221;][et_pb_row make_fullwidth=&#8221;on&#8221; use_custom_gutter=&#8221;on&#8221; gutter_width=&#8221;3&#8243; custom_padding=&#8221;|0px||0px&#8221; parallax_method_1=&#8221;off&#8221; admin_label=&#8221;Row&#8221;][et_pb_column type=&#8221;4_4&#8243; parallax=&#8221;off&#8221; parallax_method=&#8221;off&#8221;][et_pb_text background_layout=&#8221;dark&#8221; text_orientation=&#8221;center&#8221; admin_label=&#8221;About Pura Vida Diving&#8221; background_color=&#8221;rgba(0,0,0,0.58)&#8221; custom_padding=&#8221;30px||30px|&#8221;]<\/p>\n<h1>About Pura Vida Diving<\/h1>\n<p>[\/et_pb_text][\/et_pb_column][\/et_pb_row][\/et_pb_section][et_pb_section fb_built=&#8221;1&#8243; background_color=&#8221;#e2e2e2&#8243; admin_label=&#8221;section&#8221;][et_pb_row make_equal=&#8221;on&#8221; parallax_method_1=&#8221;off&#8221; parallax_method_2=&#8221;off&#8221; admin_label=&#8221;Row&#8221;][et_pb_column type=&#8221;2_3&#8243; parallax=&#8221;off&#8221; parallax_method=&#8221;off&#8221;][et_pb_text text_orientation=&#8221;justified&#8221; admin_label=&#8221;Texto&#8221; background_color=&#8221;#ffffff&#8221; custom_padding=&#8221;120px|40px|120px|40px&#8221; custom_css_main_element=&#8221;display:block;||height:100%;&#8221;]<\/p>\n<p><strong>Pura Vida Diving<\/strong>, a diving school founded in April of 2012 in Koh Tao, Thailand. A group of professionals willing to realize a dream, easygoing people, people who every day demonstrate their passion for the ocean&#8217;s nature and enjoy transmitting it to the people around them in an enthusiastic way. After 5 years working hard to achieve our dreams and theirs, more than 10,000 people have made their mark on Pura Vida. People who came to discover the wonderful world of scuba diving, letting us enjoy and learn from each and every one of them. People who have enjoyed training professionally at <a href=\"https:\/\/www.puravidapro.com\/\">Pura Vida Pro<\/a>, which has been awarded as the first and only SSI ITC (Instructor Training Center) in all of Asia.<\/p>\n<p class=\"\">Pura Vida Diving opened its doora in Playa del Carmen-MEXICO in 2017,to provide the best service to our clients.Offering diving courses from beginner to professional levels.<\/p>\n<p>[\/et_pb_text][\/et_pb_column][et_pb_column type=&#8221;1_3&#8243; parallax=&#8221;off&#8221; parallax_method=&#8221;off&#8221;][et_pb_image src=&#8221;https:\/\/puravidadivingplayadelcarmen.com\/wp-content\/uploads\/2017\/05\/cesar-nina-pura-vida.jpg&#8221; alt=&#8221;Pura Vida Diving Playa del Carmen&#8221; show_in_lightbox=&#8221;on&#8221; animation=&#8221;off&#8221; align=&#8221;center&#8221; admin_label=&#8221;Foto&#8221;]<\/p>\n<p>[\/et_pb_image][et_pb_image src=&#8221;https:\/\/puravidadivingplayadelcarmen.com\/wp-content\/uploads\/2017\/04\/cesar5.jpg&#8221; alt=&#8221;Pura Vida Diving Playa del Carmen&#8221; show_in_lightbox=&#8221;on&#8221; animation=&#8221;off&#8221; align=&#8221;center&#8221; admin_label=&#8221;Foto&#8221;]<\/p>\n<p>[\/et_pb_image][et_pb_image src=&#8221;https:\/\/puravidadivingplayadelcarmen.com\/wp-content\/uploads\/2018\/01\/\u00a9-Pura-Vida-DivingPura-Vida-Diving-Playa-del-Carmen017.jpg&#8221; alt=&#8221;Pura Vida Diving Playa del Carmen&#8221; show_in_lightbox=&#8221;on&#8221; animation=&#8221;off&#8221; align=&#8221;center&#8221; admin_label=&#8221;Foto&#8221;]<\/p>\n<p>[\/et_pb_image][\/et_pb_column][\/et_pb_row][et_pb_row make_equal=&#8221;on&#8221; parallax_method_1=&#8221;off&#8221; parallax_method_2=&#8221;off&#8221; admin_label=&#8221;Row&#8221;][et_pb_column type=&#8221;1_3&#8243; parallax=&#8221;off&#8221; parallax_method=&#8221;off&#8221;][et_pb_image src=&#8221;https:\/\/puravidadivingplayadelcarmen.com\/wp-content\/uploads\/2017\/04\/\u00c2\u00a9-Nina-Moysi-Photography-pura-vida-diving-playa-del-carmen-riviera-maya-cozumel-mexico-buceo-mejor-padi080.jpg&#8221; alt=&#8221;Pura Vida Diving Playa del Carmen&#8221; animation=&#8221;off&#8221; align=&#8221;center&#8221; admin_label=&#8221;Foto&#8221;]<\/p>\n<p>[\/et_pb_image][et_pb_image src=&#8221;https:\/\/puravidadivingplayadelcarmen.com\/wp-content\/uploads\/2017\/04\/\u00a9-Nina-Moysi-PITPura-Vida-Diving-Playa-del-Carmen034.jpg&#8221; alt=&#8221;Pura Vida Diving Playa del Carmen&#8221; animation=&#8221;off&#8221; align=&#8221;center&#8221; admin_label=&#8221;Foto&#8221;]<\/p>\n<p>[\/et_pb_image][et_pb_image src=&#8221;https:\/\/puravidadivingplayadelcarmen.com\/wp-content\/uploads\/2017\/04\/\u00c2\u00a9-Nina-Moysi-Photography-pura-vida-diving-playa-del-carmen-riviera-maya-cozumel-mexico-buceo-mejor-padi084.jpg&#8221; alt=&#8221;Pura Vida Diving Playa del Carmen&#8221; animation=&#8221;off&#8221; align=&#8221;center&#8221; admin_label=&#8221;Foto&#8221;]<\/p>\n<p>[\/et_pb_image][\/et_pb_column][et_pb_column type=&#8221;2_3&#8243; parallax=&#8221;off&#8221; parallax_method=&#8221;off&#8221;][et_pb_text text_orientation=&#8221;justified&#8221; admin_label=&#8221;Texto&#8221; background_color=&#8221;#ffffff&#8221; custom_padding=&#8221;120px|40px|120px|40px&#8221; custom_css_main_element=&#8221;display:block;||height:100%;&#8221;]<\/p>\n<p><strong>Pura Vida Diving Playa del Carmen<\/strong> abre sus puertas a todos los amantes de este m\u00e1gico mundo. Divi\u00e9rtete en un ambiente lleno de Pura Vida con nuestro grupo de instructores profesionales que compartir\u00e1n contigo su pasi\u00f3n por su trabajo, por la seguridad, por el oc\u00e9ano, por la vida.<\/p>\n<p>Seguimos buscando nuevas alternativas para gente hecha de <strong>Pura Vida<\/strong>, para llegar m\u00e1s all\u00e1! Os ofrecemos la mejor ense\u00f1anza en los escenarios del planeta m\u00e1s espectaculares.<\/p>\n<p>Pura Vida\u00a0sois <em>vosotros<\/em>.<br \/>\n<em>Vosotros<\/em>\u00a0nos haceis GRANDES<\/p>\n<p><strong>Pura Vida Diving Playa del Carmen<\/strong> opens its doors to all the lovers of this magical world. Have fun in an easygoing environment, with our group of professional instructors who will share with you their passion for their work, for safety, for the ocean, for life.<\/p>\n<p>We continue the search for new alternatives for fun people made of pure life, to reach further! We offer you the best teaching experience in the most spectacular scenarios on the planet.<br \/>\nYou are Pura Vida<br \/>\nYou make us GREAT<\/p>\n<p>[\/et_pb_text][\/et_pb_column][\/et_pb_row][\/et_pb_section][et_pb_section fb_built=&#8221;1&#8243; background_image=&#8221;https:\/\/puravidadivingplayadelcarmen.com\/wp-content\/uploads\/2017\/04\/25440709_10156013686834413_623107378_o.jpg&#8221; background_color=&#8221;#666666&#8243; custom_padding=&#8221;100px||100px|&#8221; admin_label=&#8221;Footer&#8221; global_module=&#8221;1793&#8243;][et_pb_row admin_label=&#8221;Row&#8221;][et_pb_column type=&#8221;4_4&#8243; parallax=&#8221;off&#8221; parallax_method=&#8221;on&#8221;][et_pb_image src=&#8221;https:\/\/puravidadivingplayadelcarmen.com\/wp-content\/uploads\/2017\/04\/footer-logo.png&#8221; alt=&#8221;Pura Vida Diving&#8221; animation=&#8221;top&#8221; align=&#8221;center&#8221; admin_label=&#8221;Logo&#8221;]<\/p>\n<p>[\/et_pb_image][et_pb_text background_layout=&#8221;dark&#8221; admin_label=&#8221;Follow us&#8221;]<\/p>\n<h3 style=\"text-align: center;\">Follow us<\/h3>\n<p>[\/et_pb_text][et_pb_social_media_follow background_layout=&#8221;dark&#8221; admin_label=&#8221;Social Media Roll&#8221; module_class=&#8221;footer-social&#8221;][et_pb_social_media_follow_network social_network=&#8221;facebook&#8221; url=&#8221;https:\/\/www.facebook.com\/puravidadivingplayadelcarmen\/&#8221; bg_color=&#8221;#3b5998&#8243; link_shape=&#8221;rounded_rectangle&#8221; follow_button=&#8221;off&#8221; url_new_window=&#8221;on&#8221;] Facebook [\/et_pb_social_media_follow_network][et_pb_social_media_follow_network social_network=&#8221;instagram&#8221; url=&#8221;https:\/\/www.instagram.com\/puravida_diving_playa\/&#8221; bg_color=&#8221;#517fa4&#8243; link_shape=&#8221;rounded_rectangle&#8221; follow_button=&#8221;off&#8221; url_new_window=&#8221;on&#8221;] Instagram [\/et_pb_social_media_follow_network][\/et_pb_social_media_follow][\/et_pb_column][\/et_pb_row][\/et_pb_section]<\/p>\n","protected":false},"excerpt":{"rendered":"<p>[et_pb_section fb_built=&#8221;1&#8243; background_image=&#8221;https:\/\/puravidadivingplayadelcarmen.com\/wp-content\/uploads\/2017\/04\/header-nosotros.jpg&#8221; background_color=&#8221;rgba(12,113,195,0.5)&#8221; custom_padding=&#8221;100px||100px|&#8221; admin_label=&#8221;Section&#8221;][et_pb_row make_fullwidth=&#8221;on&#8221; use_custom_gutter=&#8221;on&#8221; gutter_width=&#8221;3&#8243; custom_padding=&#8221;|0px||0px&#8221; parallax_method_1=&#8221;off&#8221; admin_label=&#8221;Row&#8221;][et_pb_column type=&#8221;4_4&#8243; parallax=&#8221;off&#8221; parallax_method=&#8221;off&#8221;][et_pb_text background_layout=&#8221;dark&#8221; text_orientation=&#8221;center&#8221; admin_label=&#8221;About Pura Vida Diving&#8221; background_color=&#8221;rgba(0,0,0,0.58)&#8221; custom_padding=&#8221;30px||30px|&#8221;] About Pura Vida Diving [\/et_pb_text][\/et_pb_column][\/et_pb_row][\/et_pb_section][et_pb_section fb_built=&#8221;1&#8243; background_color=&#8221;#e2e2e2&#8243; admin_label=&#8221;section&#8221;][et_pb_row make_equal=&#8221;on&#8221; parallax_method_1=&#8221;off&#8221; parallax_method_2=&#8221;off&#8221; admin_label=&#8221;Row&#8221;][et_pb_column type=&#8221;2_3&#8243; parallax=&#8221;off&#8221; parallax_method=&#8221;off&#8221;][et_pb_text text_orientation=&#8221;justified&#8221; admin_label=&#8221;Texto&#8221; background_color=&#8221;#ffffff&#8221; custom_padding=&#8221;120px|40px|120px|40px&#8221; custom_css_main_element=&#8221;display:block;||height:100%;&#8221;] Pura Vida Diving, a diving school founded in April of 2012 in [&hellip;]<\/p>\n","protected":false},"author":1,"featured_media":0,"parent":0,"menu_order":0,"comment_status":"closed","ping_status":"closed","template":"","meta":[],"_links":{"self":[{"href":"https:\/\/puravidadivingplayadelcarmen.com\/en\/wp-json\/wp\/v2\/pages\/1809"}],"collection":[{"href":"https:\/\/puravidadivingplayadelcarmen.com\/en\/wp-json\/wp\/v2\/pages"}],"about":[{"href":"https:\/\/puravidadivingplayadelcarmen.com\/en\/wp-json\/wp\/v2\/types\/page"}],"author":[{"embeddable":true,"href":"https:\/\/puravidadivingplayadelcarmen.com\/en\/wp-json\/wp\/v2\/users\/1"}],"replies":[{"embeddable":true,"href":"https:\/\/puravidadivingplayadelcarmen.com\/en\/wp-json\/wp\/v2\/comments?post=1809"}],"version-history":[{"count":15,"href":"https:\/\/puravidadivingplayadelcarmen.com\/en\/wp-json\/wp\/v2\/pages\/1809\/revisions"}],"predecessor-version":[{"id":3043,"href":"https:\/\/puravidadivingplayadelcarmen.com\/en\/wp-json\/wp\/v2\/pages\/1809\/revisions\/3043"}],"wp:attachment":[{"href":"https:\/\/puravidadivingplayadelcarmen.com\/en\/wp-json\/wp\/v2\/media?parent=1809"}],"curies":[{"name":"wp","href":"https:\/\/api.w.org\/{rel}","templated":true}]}}